{"id":588,"date":"2021-07-20T15:28:37","date_gmt":"2021-07-20T19:28:37","guid":{"rendered":"https:\/\/bymarcelaponce.cl\/?post_type=product&#038;p=588"},"modified":"2024-11-18T14:27:21","modified_gmt":"2024-11-18T17:27:21","slug":"genacol-derma-capsulas","status":"publish","type":"product","link":"https:\/\/bymarcelaponce.cl\/producto\/genacol-derma-capsulas\/","title":{"rendered":"Genacol Derma C\u00e1psulas"},"content":{"rendered":"","protected":false},"excerpt":{"rendered":"<p>Genacol Derma c\u00e1psulas posee una formula revolucionaria que logra una piel saludable, hidratada y renovada. La combinaci\u00f3n de col\u00e1geno con Tecnolog\u00eda Secuecial AminoLock y Lisina permite lograr los resultados que quieres ver en tu piel atacando desde dos frentes, interno y externo. Si lo que buscas es prevenir y reducir los signos visibles del envejecimiento en la piel, entonces este el producto ideal para lograr ese objetivo. La falta de col\u00e1geno es una causa importante en el envejecimiento de la piel y aunque esto es sabido desde hace d\u00e9cadas, hasta ahora hab\u00eda sido un problema dif\u00edcil de solucionar ya que el col\u00e1geno es una de gran tama\u00f1o y por lo tanto, de dif\u00edcil asimilaci\u00f3n. La tecnolog\u00eda patentada Aminolock de Genacol dio como resultado una mol\u00e9cula de col\u00e1geno con niveles extremadamente altos, lo que la hace ideal para llegar en cantidad suficiente a la piel para nutrirla, hidratarla y prevenir signos de envejecimiento en ella, as\u00ed como reducir los efectos del da\u00f1o acumulado sobre la piel.<\/p>\n<p>Propiedades:<br \/>\n&#8211; Tecnolog\u00eda innovadora \u00fanica que permite una alta asimilaci\u00f3n de col\u00e1geno, clave para una piel bella y saludable.<br \/>\n&#8211; Ataca los problemas de la piel por dentro.<br \/>\n&#8211; Repara e hidrata la piel.<br \/>\n&#8211; Previene los s\u00edntomas visibles del envejecimiento.<br \/>\n&#8211; No contiene qu\u00edmicos nocivos o parabenos y no se utilizaron animales para probarlo.<\/p>\n<p>Contenido:<br \/>\nFrasco con 120 Capsulas.<br \/>\nCol\u00e1geno con Tecnolog\u00eda Secuencial AminoLock: 300 mg.<br \/>\nLisina: 37.5 mg<\/p>\n<p>Dosis recomendada:<br \/>\n4 c\u00e1psulas diarias, idealmente en la noche antes de dormir. Se recomienda tomar abundante agua durante el d\u00eda.<\/p>\n<p>Contraindicaciones:<br \/>\nSu uso no es recomendable para menores de ocho a\u00f1os, embarazadas y nodrizas, salvo indicaci\u00f3n m\u00e9dica y no reemplaza una alimentaci\u00f3n balanceada.<\/p>\n","protected":false},"featured_media":589,"comment_status":"open","ping_status":"closed","template":"","meta":[],"product_brand":[],"product_cat":[29],"product_tag":[],"class_list":{"0":"post-588","1":"product","2":"type-product","3":"status-publish","4":"has-post-thumbnail","6":"product_cat-otros","8":"first","9":"outofstock","10":"shipping-taxable","11":"purchasable","12":"product-type-simple"},"yoast_head":"<!-- This site is optimized with the Yoast SEO plugin v27.4 - https:\/\/yoast.com\/product\/yoast-seo-wordpress\/ -->\n<title>Genacol Derma C\u00e1psulas - by Marcela Ponce<\/title>\n<meta name=\"robots\" content=\"index, follow, max-snippet:-1, max-image-preview:large, max-video-preview:-1\" \/>\n<link rel=\"canonical\" href=\"https:\/\/bymarcelaponce.cl\/producto\/genacol-derma-capsulas\/\" \/>\n<meta property=\"og:locale\" content=\"es_ES\" \/>\n<meta property=\"og:type\" content=\"article\" \/>\n<meta property=\"og:title\" content=\"Genacol Derma C\u00e1psulas - by Marcela Ponce\" \/>\n<meta property=\"og:description\" content=\"Genacol Derma c\u00e1psulas posee una formula revolucionaria que logra una piel saludable, hidratada y renovada. La combinaci\u00f3n de col\u00e1geno con Tecnolog\u00eda Secuecial AminoLock y Lisina permite lograr los resultados que quieres ver en tu piel atacando desde dos frentes, interno y externo. Si lo que buscas es prevenir y reducir los signos visibles del envejecimiento en la piel, entonces este el producto ideal para lograr ese objetivo. La falta de col\u00e1geno es una causa importante en el envejecimiento de la piel y aunque esto es sabido desde hace d\u00e9cadas, hasta ahora hab\u00eda sido un problema dif\u00edcil de solucionar ya que el col\u00e1geno es una de gran tama\u00f1o y por lo tanto, de dif\u00edcil asimilaci\u00f3n. La tecnolog\u00eda patentada Aminolock de Genacol dio como resultado una mol\u00e9cula de col\u00e1geno con niveles extremadamente altos, lo que la hace ideal para llegar en cantidad suficiente a la piel para nutrirla, hidratarla y prevenir signos de envejecimiento en ella, as\u00ed como reducir los efectos del da\u00f1o acumulado sobre la piel.  Propiedades: - Tecnolog\u00eda innovadora \u00fanica que permite una alta asimilaci\u00f3n de col\u00e1geno, clave para una piel bella y saludable. - Ataca los problemas de la piel por dentro. - Repara e hidrata la piel. - Previene los s\u00edntomas visibles del envejecimiento. - No contiene qu\u00edmicos nocivos o parabenos y no se utilizaron animales para probarlo.  Contenido: Frasco con 120 Capsulas. Col\u00e1geno con Tecnolog\u00eda Secuencial AminoLock: 300 mg. Lisina: 37.5 mg  Dosis recomendada: 4 c\u00e1psulas diarias, idealmente en la noche antes de dormir. Se recomienda tomar abundante agua durante el d\u00eda.  Contraindicaciones: Su uso no es recomendable para menores de ocho a\u00f1os, embarazadas y nodrizas, salvo indicaci\u00f3n m\u00e9dica y no reemplaza una alimentaci\u00f3n balanceada.\" \/>\n<meta property=\"og:url\" content=\"https:\/\/bymarcelaponce.cl\/producto\/genacol-derma-capsulas\/\" \/>\n<meta property=\"og:site_name\" content=\"by Marcela Ponce\" \/>\n<meta property=\"article:modified_time\" content=\"2024-11-18T17:27:21+00:00\" \/>\n<meta property=\"og:image\" content=\"https:\/\/bymarcelaponce.cl\/wp-content\/uploads\/2021\/07\/capsulas-colageno.jpg\" \/>\n\t<meta property=\"og:image:width\" content=\"587\" \/>\n\t<meta property=\"og:image:height\" content=\"656\" \/>\n\t<meta property=\"og:image:type\" content=\"image\/jpeg\" \/>\n<meta name=\"twitter:card\" content=\"summary_large_image\" \/>\n<script type=\"application\/ld+json\" class=\"yoast-schema-graph\">{\"@context\":\"https:\\\/\\\/schema.org\",\"@graph\":[{\"@type\":\"WebPage\",\"@id\":\"https:\\\/\\\/bymarcelaponce.cl\\\/producto\\\/genacol-derma-capsulas\\\/\",\"url\":\"https:\\\/\\\/bymarcelaponce.cl\\\/producto\\\/genacol-derma-capsulas\\\/\",\"name\":\"Genacol Derma C\u00e1psulas - by Marcela Ponce\",\"isPartOf\":{\"@id\":\"https:\\\/\\\/bymarcelaponce.cl\\\/#website\"},\"primaryImageOfPage\":{\"@id\":\"https:\\\/\\\/bymarcelaponce.cl\\\/producto\\\/genacol-derma-capsulas\\\/#primaryimage\"},\"image\":{\"@id\":\"https:\\\/\\\/bymarcelaponce.cl\\\/producto\\\/genacol-derma-capsulas\\\/#primaryimage\"},\"thumbnailUrl\":\"https:\\\/\\\/bymarcelaponce.cl\\\/wp-content\\\/uploads\\\/2021\\\/07\\\/capsulas-colageno.jpg\",\"datePublished\":\"2021-07-20T19:28:37+00:00\",\"dateModified\":\"2024-11-18T17:27:21+00:00\",\"breadcrumb\":{\"@id\":\"https:\\\/\\\/bymarcelaponce.cl\\\/producto\\\/genacol-derma-capsulas\\\/#breadcrumb\"},\"inLanguage\":\"es-CL\",\"potentialAction\":[{\"@type\":\"ReadAction\",\"target\":[\"https:\\\/\\\/bymarcelaponce.cl\\\/producto\\\/genacol-derma-capsulas\\\/\"]}]},{\"@type\":\"ImageObject\",\"inLanguage\":\"es-CL\",\"@id\":\"https:\\\/\\\/bymarcelaponce.cl\\\/producto\\\/genacol-derma-capsulas\\\/#primaryimage\",\"url\":\"https:\\\/\\\/bymarcelaponce.cl\\\/wp-content\\\/uploads\\\/2021\\\/07\\\/capsulas-colageno.jpg\",\"contentUrl\":\"https:\\\/\\\/bymarcelaponce.cl\\\/wp-content\\\/uploads\\\/2021\\\/07\\\/capsulas-colageno.jpg\",\"width\":587,\"height\":656},{\"@type\":\"BreadcrumbList\",\"@id\":\"https:\\\/\\\/bymarcelaponce.cl\\\/producto\\\/genacol-derma-capsulas\\\/#breadcrumb\",\"itemListElement\":[{\"@type\":\"ListItem\",\"position\":1,\"name\":\"Portada\",\"item\":\"https:\\\/\\\/bymarcelaponce.cl\\\/\"},{\"@type\":\"ListItem\",\"position\":2,\"name\":\"Tienda\",\"item\":\"https:\\\/\\\/bymarcelaponce.cl\\\/shop-2\\\/\"},{\"@type\":\"ListItem\",\"position\":3,\"name\":\"Genacol Derma C\u00e1psulas\"}]},{\"@type\":\"WebSite\",\"@id\":\"https:\\\/\\\/bymarcelaponce.cl\\\/#website\",\"url\":\"https:\\\/\\\/bymarcelaponce.cl\\\/\",\"name\":\"by Marcela Ponce\",\"description\":\"Tienda de Productos\",\"publisher\":{\"@id\":\"https:\\\/\\\/bymarcelaponce.cl\\\/#organization\"},\"potentialAction\":[{\"@type\":\"SearchAction\",\"target\":{\"@type\":\"EntryPoint\",\"urlTemplate\":\"https:\\\/\\\/bymarcelaponce.cl\\\/?s={search_term_string}\"},\"query-input\":{\"@type\":\"PropertyValueSpecification\",\"valueRequired\":true,\"valueName\":\"search_term_string\"}}],\"inLanguage\":\"es-CL\"},{\"@type\":\"Organization\",\"@id\":\"https:\\\/\\\/bymarcelaponce.cl\\\/#organization\",\"name\":\"by Marcela Ponce\",\"url\":\"https:\\\/\\\/bymarcelaponce.cl\\\/\",\"logo\":{\"@type\":\"ImageObject\",\"inLanguage\":\"es-CL\",\"@id\":\"https:\\\/\\\/bymarcelaponce.cl\\\/#\\\/schema\\\/logo\\\/image\\\/\",\"url\":\"https:\\\/\\\/bymarcelaponce.cl\\\/wp-content\\\/uploads\\\/2021\\\/04\\\/cropped-icono.png\",\"contentUrl\":\"https:\\\/\\\/bymarcelaponce.cl\\\/wp-content\\\/uploads\\\/2021\\\/04\\\/cropped-icono.png\",\"width\":100,\"height\":100,\"caption\":\"by Marcela Ponce\"},\"image\":{\"@id\":\"https:\\\/\\\/bymarcelaponce.cl\\\/#\\\/schema\\\/logo\\\/image\\\/\"}}]}<\/script>\n<!-- \/ Yoast SEO plugin. -->","yoast_head_json":{"title":"Genacol Derma C\u00e1psulas - by Marcela Ponce","robots":{"index":"index","follow":"follow","max-snippet":"max-snippet:-1","max-image-preview":"max-image-preview:large","max-video-preview":"max-video-preview:-1"},"canonical":"https:\/\/bymarcelaponce.cl\/producto\/genacol-derma-capsulas\/","og_locale":"es_ES","og_type":"article","og_title":"Genacol Derma C\u00e1psulas - by Marcela Ponce","og_description":"Genacol Derma c\u00e1psulas posee una formula revolucionaria que logra una piel saludable, hidratada y renovada. La combinaci\u00f3n de col\u00e1geno con Tecnolog\u00eda Secuecial AminoLock y Lisina permite lograr los resultados que quieres ver en tu piel atacando desde dos frentes, interno y externo. Si lo que buscas es prevenir y reducir los signos visibles del envejecimiento en la piel, entonces este el producto ideal para lograr ese objetivo. La falta de col\u00e1geno es una causa importante en el envejecimiento de la piel y aunque esto es sabido desde hace d\u00e9cadas, hasta ahora hab\u00eda sido un problema dif\u00edcil de solucionar ya que el col\u00e1geno es una de gran tama\u00f1o y por lo tanto, de dif\u00edcil asimilaci\u00f3n. La tecnolog\u00eda patentada Aminolock de Genacol dio como resultado una mol\u00e9cula de col\u00e1geno con niveles extremadamente altos, lo que la hace ideal para llegar en cantidad suficiente a la piel para nutrirla, hidratarla y prevenir signos de envejecimiento en ella, as\u00ed como reducir los efectos del da\u00f1o acumulado sobre la piel.  Propiedades: - Tecnolog\u00eda innovadora \u00fanica que permite una alta asimilaci\u00f3n de col\u00e1geno, clave para una piel bella y saludable. - Ataca los problemas de la piel por dentro. - Repara e hidrata la piel. - Previene los s\u00edntomas visibles del envejecimiento. - No contiene qu\u00edmicos nocivos o parabenos y no se utilizaron animales para probarlo.  Contenido: Frasco con 120 Capsulas. Col\u00e1geno con Tecnolog\u00eda Secuencial AminoLock: 300 mg. Lisina: 37.5 mg  Dosis recomendada: 4 c\u00e1psulas diarias, idealmente en la noche antes de dormir. Se recomienda tomar abundante agua durante el d\u00eda.  Contraindicaciones: Su uso no es recomendable para menores de ocho a\u00f1os, embarazadas y nodrizas, salvo indicaci\u00f3n m\u00e9dica y no reemplaza una alimentaci\u00f3n balanceada.","og_url":"https:\/\/bymarcelaponce.cl\/producto\/genacol-derma-capsulas\/","og_site_name":"by Marcela Ponce","article_modified_time":"2024-11-18T17:27:21+00:00","og_image":[{"width":587,"height":656,"url":"https:\/\/bymarcelaponce.cl\/wp-content\/uploads\/2021\/07\/capsulas-colageno.jpg","type":"image\/jpeg"}],"twitter_card":"summary_large_image","schema":{"@context":"https:\/\/schema.org","@graph":[{"@type":"WebPage","@id":"https:\/\/bymarcelaponce.cl\/producto\/genacol-derma-capsulas\/","url":"https:\/\/bymarcelaponce.cl\/producto\/genacol-derma-capsulas\/","name":"Genacol Derma C\u00e1psulas - by Marcela Ponce","isPartOf":{"@id":"https:\/\/bymarcelaponce.cl\/#website"},"primaryImageOfPage":{"@id":"https:\/\/bymarcelaponce.cl\/producto\/genacol-derma-capsulas\/#primaryimage"},"image":{"@id":"https:\/\/bymarcelaponce.cl\/producto\/genacol-derma-capsulas\/#primaryimage"},"thumbnailUrl":"https:\/\/bymarcelaponce.cl\/wp-content\/uploads\/2021\/07\/capsulas-colageno.jpg","datePublished":"2021-07-20T19:28:37+00:00","dateModified":"2024-11-18T17:27:21+00:00","breadcrumb":{"@id":"https:\/\/bymarcelaponce.cl\/producto\/genacol-derma-capsulas\/#breadcrumb"},"inLanguage":"es-CL","potentialAction":[{"@type":"ReadAction","target":["https:\/\/bymarcelaponce.cl\/producto\/genacol-derma-capsulas\/"]}]},{"@type":"ImageObject","inLanguage":"es-CL","@id":"https:\/\/bymarcelaponce.cl\/producto\/genacol-derma-capsulas\/#primaryimage","url":"https:\/\/bymarcelaponce.cl\/wp-content\/uploads\/2021\/07\/capsulas-colageno.jpg","contentUrl":"https:\/\/bymarcelaponce.cl\/wp-content\/uploads\/2021\/07\/capsulas-colageno.jpg","width":587,"height":656},{"@type":"BreadcrumbList","@id":"https:\/\/bymarcelaponce.cl\/producto\/genacol-derma-capsulas\/#breadcrumb","itemListElement":[{"@type":"ListItem","position":1,"name":"Portada","item":"https:\/\/bymarcelaponce.cl\/"},{"@type":"ListItem","position":2,"name":"Tienda","item":"https:\/\/bymarcelaponce.cl\/shop-2\/"},{"@type":"ListItem","position":3,"name":"Genacol Derma C\u00e1psulas"}]},{"@type":"WebSite","@id":"https:\/\/bymarcelaponce.cl\/#website","url":"https:\/\/bymarcelaponce.cl\/","name":"by Marcela Ponce","description":"Tienda de Productos","publisher":{"@id":"https:\/\/bymarcelaponce.cl\/#organization"},"potentialAction":[{"@type":"SearchAction","target":{"@type":"EntryPoint","urlTemplate":"https:\/\/bymarcelaponce.cl\/?s={search_term_string}"},"query-input":{"@type":"PropertyValueSpecification","valueRequired":true,"valueName":"search_term_string"}}],"inLanguage":"es-CL"},{"@type":"Organization","@id":"https:\/\/bymarcelaponce.cl\/#organization","name":"by Marcela Ponce","url":"https:\/\/bymarcelaponce.cl\/","logo":{"@type":"ImageObject","inLanguage":"es-CL","@id":"https:\/\/bymarcelaponce.cl\/#\/schema\/logo\/image\/","url":"https:\/\/bymarcelaponce.cl\/wp-content\/uploads\/2021\/04\/cropped-icono.png","contentUrl":"https:\/\/bymarcelaponce.cl\/wp-content\/uploads\/2021\/04\/cropped-icono.png","width":100,"height":100,"caption":"by Marcela Ponce"},"image":{"@id":"https:\/\/bymarcelaponce.cl\/#\/schema\/logo\/image\/"}}]}},"_links":{"self":[{"href":"https:\/\/bymarcelaponce.cl\/wp-json\/wp\/v2\/product\/588","targetHints":{"allow":["GET"]}}],"collection":[{"href":"https:\/\/bymarcelaponce.cl\/wp-json\/wp\/v2\/product"}],"about":[{"href":"https:\/\/bymarcelaponce.cl\/wp-json\/wp\/v2\/types\/product"}],"replies":[{"embeddable":true,"href":"https:\/\/bymarcelaponce.cl\/wp-json\/wp\/v2\/comments?post=588"}],"wp:featuredmedia":[{"embeddable":true,"href":"https:\/\/bymarcelaponce.cl\/wp-json\/wp\/v2\/media\/589"}],"wp:attachment":[{"href":"https:\/\/bymarcelaponce.cl\/wp-json\/wp\/v2\/media?parent=588"}],"wp:term":[{"taxonomy":"product_brand","embeddable":true,"href":"https:\/\/bymarcelaponce.cl\/wp-json\/wp\/v2\/product_brand?post=588"},{"taxonomy":"product_cat","embeddable":true,"href":"https:\/\/bymarcelaponce.cl\/wp-json\/wp\/v2\/product_cat?post=588"},{"taxonomy":"product_tag","embeddable":true,"href":"https:\/\/bymarcelaponce.cl\/wp-json\/wp\/v2\/product_tag?post=588"}],"curies":[{"name":"wp","href":"https:\/\/api.w.org\/{rel}","templated":true}]}}