{"id":68,"date":"2019-04-18T11:20:25","date_gmt":"2019-04-18T11:20:25","guid":{"rendered":"https:\/\/envothemes.com\/envo-ecommerce\/?page_id=68"},"modified":"2021-06-22T19:12:33","modified_gmt":"2021-06-22T23:12:33","slug":"sale","status":"publish","type":"page","link":"https:\/\/bymarcelaponce.cl\/index.php\/sale\/","title":{"rendered":"Sale"},"content":{"rendered":"\t\t<div data-elementor-type=\"wp-post\" data-elementor-id=\"68\" class=\"elementor elementor-68\">\n\t\t\t\t\t\t<section class=\"elementor-section elementor-top-section elementor-element elementor-element-f5c33db elementor-section-height-min-height elementor-section-content-middle elementor-section-boxed elementor-section-height-default elementor-section-items-middle\" data-id=\"f5c33db\" data-element_type=\"section\" data-e-type=\"section\" data-settings=\"{&quot;background_background&quot;:&quot;classic&quot;}\">\n\t\t\t\t\t\t\t<div class=\"elementor-background-overlay\"><\/div>\n\t\t\t\t\t\t\t<div class=\"elementor-container elementor-column-gap-no\">\n\t\t\t\t\t<div class=\"elementor-column elementor-col-100 elementor-top-column elementor-element elementor-element-6e3fa25c\" data-id=\"6e3fa25c\" data-element_type=\"column\" data-e-type=\"column\">\n\t\t\t<div class=\"elementor-widget-wrap elementor-element-populated\">\n\t\t\t\t\t\t<div class=\"elementor-element elementor-element-7fcf1d6c elementor-widget elementor-widget-heading\" data-id=\"7fcf1d6c\" data-element_type=\"widget\" data-e-type=\"widget\" data-widget_type=\"heading.default\">\n\t\t\t\t<div class=\"elementor-widget-container\">\n\t\t\t\t\t<h1 class=\"elementor-heading-title elementor-size-default\">Sale<\/h1>\t\t\t\t<\/div>\n\t\t\t\t<\/div>\n\t\t\t\t<div class=\"elementor-element elementor-element-7abc37af elementor-widget elementor-widget-text-editor\" data-id=\"7abc37af\" data-element_type=\"widget\" data-e-type=\"widget\" data-widget_type=\"text-editor.default\">\n\t\t\t\t<div class=\"elementor-widget-container\">\n\t\t\t\t\t\t\t\t\t<p>30% Off<\/p>\t\t\t\t\t\t\t\t<\/div>\n\t\t\t\t<\/div>\n\t\t\t\t\t<\/div>\n\t\t<\/div>\n\t\t\t\t\t<\/div>\n\t\t<\/section>\n\t\t\t\t<section class=\"elementor-section elementor-top-section elementor-element elementor-element-65c9551 elementor-section-boxed elementor-section-height-default elementor-section-height-default\" data-id=\"65c9551\" data-element_type=\"section\" data-e-type=\"section\">\n\t\t\t\t\t\t<div class=\"elementor-container elementor-column-gap-default\">\n\t\t\t\t\t<div class=\"elementor-column elementor-col-100 elementor-top-column elementor-element elementor-element-6b36de2\" data-id=\"6b36de2\" data-element_type=\"column\" data-e-type=\"column\">\n\t\t\t<div class=\"elementor-widget-wrap elementor-element-populated\">\n\t\t\t\t\t\t<div class=\"elementor-element elementor-element-8f0a6b0 elementor-widget elementor-widget-shortcode\" data-id=\"8f0a6b0\" data-element_type=\"widget\" data-e-type=\"widget\" data-widget_type=\"shortcode.default\">\n\t\t\t\t<div class=\"elementor-widget-container\">\n\t\t\t\t\t\t\t<div class=\"elementor-shortcode\"><div class=\"woocommerce columns-3 quick-sale\"><ul class=\"products columns-3\">\n<li class=\"product type-product post-1382 status-publish first instock product_cat-otros has-post-thumbnail sale shipping-taxable purchasable product-type-simple\">\n\t<a href=\"https:\/\/bymarcelaponce.cl\/index.php\/product\/ampolla-keratina-essential-gliss-7-ml\/\" class=\"woocommerce-LoopProduct-link woocommerce-loop-product__link\">\n\t<span class=\"onsale\">\u00a1Oferta!<\/span>\n\t<img fetchpriority=\"high\" decoding=\"async\" width=\"300\" height=\"300\" src=\"https:\/\/bymarcelaponce.cl\/wp-content\/uploads\/2024\/11\/keratina-300x300.jpg\" class=\"attachment-woocommerce_thumbnail size-woocommerce_thumbnail\" alt=\"Ampolla Keratina Essential Gliss 7 ml\" srcset=\"https:\/\/bymarcelaponce.cl\/wp-content\/uploads\/2024\/11\/keratina-300x300.jpg 300w, https:\/\/bymarcelaponce.cl\/wp-content\/uploads\/2024\/11\/keratina-150x150.jpg 150w, https:\/\/bymarcelaponce.cl\/wp-content\/uploads\/2024\/11\/keratina-100x100.jpg 100w\" sizes=\"(max-width: 300px) 100vw, 300px\" \/><h2 class=\"woocommerce-loop-product__title\">Ampolla Keratina Essential Gliss 7 ml<\/h2>\n\t<span class=\"price\"><del aria-hidden=\"true\"><span class=\"woocommerce-Price-amount amount\"><bdi><span class=\"woocommerce-Price-currencySymbol\">&#36;<\/span>9.990<\/bdi><\/span><\/del> <span class=\"screen-reader-text\">El precio original era: &#036;9.990.<\/span><ins aria-hidden=\"true\"><span class=\"woocommerce-Price-amount amount\"><bdi><span class=\"woocommerce-Price-currencySymbol\">&#36;<\/span>8.760<\/bdi><\/span><\/ins><span class=\"screen-reader-text\">El precio actual es: &#036;8.760.<\/span><\/span>\n<\/a><a href=\"\/index.php\/wp-json\/wp\/v2\/pages\/68?add-to-cart=1382\" aria-describedby=\"woocommerce_loop_add_to_cart_link_describedby_1382\" data-quantity=\"1\" class=\"button product_type_simple add_to_cart_button ajax_add_to_cart\" data-product_id=\"1382\" data-product_sku=\"\" aria-label=\"Agregar al carrito: &ldquo;Ampolla Keratina Essential Gliss 7 ml&rdquo;\" rel=\"nofollow\" data-success_message=\"&ldquo;Ampolla Keratina Essential Gliss 7 ml&rdquo; se ha a\u00f1adido a tu carro\" role=\"button\">Agregar al carrito<\/a>\t<span id=\"woocommerce_loop_add_to_cart_link_describedby_1382\" class=\"screen-reader-text\">\n\t\t\t<\/span>\n<\/li>\n<li class=\"product type-product post-1511 status-publish instock product_cat-pestanas has-post-thumbnail sale shipping-taxable purchasable product-type-simple\">\n\t<a href=\"https:\/\/bymarcelaponce.cl\/index.php\/product\/bet-on-lashes\/\" class=\"woocommerce-LoopProduct-link woocommerce-loop-product__link\">\n\t<span class=\"onsale\">\u00a1Oferta!<\/span>\n\t<img decoding=\"async\" width=\"300\" height=\"300\" src=\"https:\/\/bymarcelaponce.cl\/wp-content\/uploads\/2025\/07\/0-300x300.jpg\" class=\"attachment-woocommerce_thumbnail size-woocommerce_thumbnail\" alt=\"S\u00e9rum Acondicionador de Pesta\u00f1as y Cejas\" srcset=\"https:\/\/bymarcelaponce.cl\/wp-content\/uploads\/2025\/07\/0-300x300.jpg 300w, https:\/\/bymarcelaponce.cl\/wp-content\/uploads\/2025\/07\/0-150x150.jpg 150w, https:\/\/bymarcelaponce.cl\/wp-content\/uploads\/2025\/07\/0-100x100.jpg 100w\" sizes=\"(max-width: 300px) 100vw, 300px\" \/><h2 class=\"woocommerce-loop-product__title\">S\u00e9rum Acondicionador de Pesta\u00f1as y Cejas<\/h2>\n\t<span class=\"price\"><del aria-hidden=\"true\"><span class=\"woocommerce-Price-amount amount\"><bdi><span class=\"woocommerce-Price-currencySymbol\">&#36;<\/span>100.990<\/bdi><\/span><\/del> <span class=\"screen-reader-text\">El precio original era: &#036;100.990.<\/span><ins aria-hidden=\"true\"><span class=\"woocommerce-Price-amount amount\"><bdi><span class=\"woocommerce-Price-currencySymbol\">&#36;<\/span>95.000<\/bdi><\/span><\/ins><span class=\"screen-reader-text\">El precio actual es: &#036;95.000.<\/span><\/span>\n<\/a><a href=\"\/index.php\/wp-json\/wp\/v2\/pages\/68?add-to-cart=1511\" aria-describedby=\"woocommerce_loop_add_to_cart_link_describedby_1511\" data-quantity=\"1\" class=\"button product_type_simple add_to_cart_button ajax_add_to_cart\" data-product_id=\"1511\" data-product_sku=\"\" aria-label=\"Agregar al carrito: &ldquo;S\u00e9rum Acondicionador de Pesta\u00f1as y Cejas&rdquo;\" rel=\"nofollow\" data-success_message=\"&ldquo;S\u00e9rum Acondicionador de Pesta\u00f1as y Cejas&rdquo; se ha a\u00f1adido a tu carro\" role=\"button\">Agregar al carrito<\/a>\t<span id=\"woocommerce_loop_add_to_cart_link_describedby_1511\" class=\"screen-reader-text\">\n\t\t\t<\/span>\n<\/li>\n<li class=\"product type-product post-1499 status-publish last instock product_cat-pestanas has-post-thumbnail sale shipping-taxable purchasable product-type-simple\">\n\t<a href=\"https:\/\/bymarcelaponce.cl\/index.php\/product\/serum-hidratante-puluk-para-pestanas-y-cejas\/\" class=\"woocommerce-LoopProduct-link woocommerce-loop-product__link\">\n\t<span class=\"onsale\">\u00a1Oferta!<\/span>\n\t<img decoding=\"async\" width=\"300\" height=\"300\" src=\"https:\/\/bymarcelaponce.cl\/wp-content\/uploads\/2025\/07\/1-300x300.jpeg\" class=\"attachment-woocommerce_thumbnail size-woocommerce_thumbnail\" alt=\"Serum Hidratante PULUK\" srcset=\"https:\/\/bymarcelaponce.cl\/wp-content\/uploads\/2025\/07\/1-300x300.jpeg 300w, https:\/\/bymarcelaponce.cl\/wp-content\/uploads\/2025\/07\/1-150x150.jpeg 150w, https:\/\/bymarcelaponce.cl\/wp-content\/uploads\/2025\/07\/1-100x100.jpeg 100w\" sizes=\"(max-width: 300px) 100vw, 300px\" \/><h2 class=\"woocommerce-loop-product__title\">Serum Hidratante PULUK<\/h2>\n\t<span class=\"price\"><del aria-hidden=\"true\"><span class=\"woocommerce-Price-amount amount\"><bdi><span class=\"woocommerce-Price-currencySymbol\">&#36;<\/span>19.990<\/bdi><\/span><\/del> <span class=\"screen-reader-text\">El precio original era: &#036;19.990.<\/span><ins aria-hidden=\"true\"><span class=\"woocommerce-Price-amount amount\"><bdi><span class=\"woocommerce-Price-currencySymbol\">&#36;<\/span>16.990<\/bdi><\/span><\/ins><span class=\"screen-reader-text\">El precio actual es: &#036;16.990.<\/span><\/span>\n<\/a><a href=\"\/index.php\/wp-json\/wp\/v2\/pages\/68?add-to-cart=1499\" aria-describedby=\"woocommerce_loop_add_to_cart_link_describedby_1499\" data-quantity=\"1\" class=\"button product_type_simple add_to_cart_button ajax_add_to_cart\" data-product_id=\"1499\" data-product_sku=\"\" aria-label=\"Agregar al carrito: &ldquo;Serum Hidratante PULUK&rdquo;\" rel=\"nofollow\" data-success_message=\"&ldquo;Serum Hidratante PULUK&rdquo; se ha a\u00f1adido a tu carro\" role=\"button\">Agregar al carrito<\/a>\t<span id=\"woocommerce_loop_add_to_cart_link_describedby_1499\" class=\"screen-reader-text\">\n\t\t\t<\/span>\n<\/li>\n<li class=\"product type-product post-1519 status-publish first instock product_cat-pestanas has-post-thumbnail sale shipping-taxable purchasable product-type-simple\">\n\t<a href=\"https:\/\/bymarcelaponce.cl\/index.php\/product\/slick-stick-12ml\/\" class=\"woocommerce-LoopProduct-link woocommerce-loop-product__link\">\n\t<span class=\"onsale\">\u00a1Oferta!<\/span>\n\t<img loading=\"lazy\" decoding=\"async\" width=\"300\" height=\"300\" src=\"https:\/\/bymarcelaponce.cl\/wp-content\/uploads\/2025\/07\/2-300x300.webp\" class=\"attachment-woocommerce_thumbnail size-woocommerce_thumbnail\" alt=\"Slick Stick - 12ml\" srcset=\"https:\/\/bymarcelaponce.cl\/wp-content\/uploads\/2025\/07\/2-300x300.webp 300w, https:\/\/bymarcelaponce.cl\/wp-content\/uploads\/2025\/07\/2-150x150.webp 150w, https:\/\/bymarcelaponce.cl\/wp-content\/uploads\/2025\/07\/2-768x768.webp 768w, https:\/\/bymarcelaponce.cl\/wp-content\/uploads\/2025\/07\/2-600x600.webp 600w, https:\/\/bymarcelaponce.cl\/wp-content\/uploads\/2025\/07\/2-100x100.webp 100w, https:\/\/bymarcelaponce.cl\/wp-content\/uploads\/2025\/07\/2.webp 990w\" sizes=\"(max-width: 300px) 100vw, 300px\" \/><h2 class=\"woocommerce-loop-product__title\">Slick Stick &#8211; 12ml<\/h2>\n\t<span class=\"price\"><del aria-hidden=\"true\"><span class=\"woocommerce-Price-amount amount\"><bdi><span class=\"woocommerce-Price-currencySymbol\">&#36;<\/span>35.990<\/bdi><\/span><\/del> <span class=\"screen-reader-text\">El precio original era: &#036;35.990.<\/span><ins aria-hidden=\"true\"><span class=\"woocommerce-Price-amount amount\"><bdi><span class=\"woocommerce-Price-currencySymbol\">&#36;<\/span>31.990<\/bdi><\/span><\/ins><span class=\"screen-reader-text\">El precio actual es: &#036;31.990.<\/span><\/span>\n<\/a><a href=\"\/index.php\/wp-json\/wp\/v2\/pages\/68?add-to-cart=1519\" aria-describedby=\"woocommerce_loop_add_to_cart_link_describedby_1519\" data-quantity=\"1\" class=\"button product_type_simple add_to_cart_button ajax_add_to_cart\" data-product_id=\"1519\" data-product_sku=\"\" aria-label=\"Agregar al carrito: &ldquo;Slick Stick - 12ml&rdquo;\" rel=\"nofollow\" data-success_message=\"&ldquo;Slick Stick - 12ml&rdquo; se ha a\u00f1adido a tu carro\" role=\"button\">Agregar al carrito<\/a>\t<span id=\"woocommerce_loop_add_to_cart_link_describedby_1519\" class=\"screen-reader-text\">\n\t\t\t<\/span>\n<\/li>\n<li class=\"product type-product post-1454 status-publish instock product_cat-espejo has-post-thumbnail sale shipping-taxable purchasable product-type-simple\">\n\t<a href=\"https:\/\/bymarcelaponce.cl\/index.php\/product\/espejo-luxury\/\" class=\"woocommerce-LoopProduct-link woocommerce-loop-product__link\">\n\t<span class=\"onsale\">\u00a1Oferta!<\/span>\n\t<img loading=\"lazy\" decoding=\"async\" width=\"300\" height=\"300\" src=\"https:\/\/bymarcelaponce.cl\/wp-content\/uploads\/2025\/01\/prod-mirror-update-300x300.jpeg\" class=\"attachment-woocommerce_thumbnail size-woocommerce_thumbnail\" alt=\"Espejo Luxury de Mesa LED\" srcset=\"https:\/\/bymarcelaponce.cl\/wp-content\/uploads\/2025\/01\/prod-mirror-update-300x300.jpeg 300w, https:\/\/bymarcelaponce.cl\/wp-content\/uploads\/2025\/01\/prod-mirror-update-1024x1019.jpeg 1024w, https:\/\/bymarcelaponce.cl\/wp-content\/uploads\/2025\/01\/prod-mirror-update-150x150.jpeg 150w, https:\/\/bymarcelaponce.cl\/wp-content\/uploads\/2025\/01\/prod-mirror-update-768x765.jpeg 768w, https:\/\/bymarcelaponce.cl\/wp-content\/uploads\/2025\/01\/prod-mirror-update-600x597.jpeg 600w, https:\/\/bymarcelaponce.cl\/wp-content\/uploads\/2025\/01\/prod-mirror-update-100x100.jpeg 100w, https:\/\/bymarcelaponce.cl\/wp-content\/uploads\/2025\/01\/prod-mirror-update.jpeg 1320w\" sizes=\"(max-width: 300px) 100vw, 300px\" \/><h2 class=\"woocommerce-loop-product__title\">Espejo Luxury de Mesa LED<\/h2>\n\t<span class=\"price\"><del aria-hidden=\"true\"><span class=\"woocommerce-Price-amount amount\"><bdi><span class=\"woocommerce-Price-currencySymbol\">&#36;<\/span>68.990<\/bdi><\/span><\/del> <span class=\"screen-reader-text\">El precio original era: &#036;68.990.<\/span><ins aria-hidden=\"true\"><span class=\"woocommerce-Price-amount amount\"><bdi><span class=\"woocommerce-Price-currencySymbol\">&#36;<\/span>64.990<\/bdi><\/span><\/ins><span class=\"screen-reader-text\">El precio actual es: &#036;64.990.<\/span><\/span>\n<\/a><a href=\"\/index.php\/wp-json\/wp\/v2\/pages\/68?add-to-cart=1454\" aria-describedby=\"woocommerce_loop_add_to_cart_link_describedby_1454\" data-quantity=\"1\" class=\"button product_type_simple add_to_cart_button ajax_add_to_cart\" data-product_id=\"1454\" data-product_sku=\"\" aria-label=\"Agregar al carrito: &ldquo;Espejo Luxury de Mesa LED&rdquo;\" rel=\"nofollow\" data-success_message=\"&ldquo;Espejo Luxury de Mesa LED&rdquo; se ha a\u00f1adido a tu carro\" role=\"button\">Agregar al carrito<\/a>\t<span id=\"woocommerce_loop_add_to_cart_link_describedby_1454\" class=\"screen-reader-text\">\n\t\t\t<\/span>\n<\/li>\n<li class=\"product type-product post-1450 status-publish last instock product_cat-espejo has-post-thumbnail sale shipping-taxable purchasable product-type-simple\">\n\t<a href=\"https:\/\/bymarcelaponce.cl\/index.php\/product\/espejo-mural-retractil\/\" class=\"woocommerce-LoopProduct-link woocommerce-loop-product__link\">\n\t<span class=\"onsale\">\u00a1Oferta!<\/span>\n\t<img loading=\"lazy\" decoding=\"async\" width=\"300\" height=\"300\" src=\"https:\/\/bymarcelaponce.cl\/wp-content\/uploads\/2025\/01\/Espejo-Mural-Retractil-300x300.jpg\" class=\"attachment-woocommerce_thumbnail size-woocommerce_thumbnail\" alt=\"Espejo Mural Retr\u00e1ctil\" srcset=\"https:\/\/bymarcelaponce.cl\/wp-content\/uploads\/2025\/01\/Espejo-Mural-Retractil-300x300.jpg 300w, https:\/\/bymarcelaponce.cl\/wp-content\/uploads\/2025\/01\/Espejo-Mural-Retractil-150x150.jpg 150w, https:\/\/bymarcelaponce.cl\/wp-content\/uploads\/2025\/01\/Espejo-Mural-Retractil-768x768.jpg 768w, https:\/\/bymarcelaponce.cl\/wp-content\/uploads\/2025\/01\/Espejo-Mural-Retractil-600x600.jpg 600w, https:\/\/bymarcelaponce.cl\/wp-content\/uploads\/2025\/01\/Espejo-Mural-Retractil-100x100.jpg 100w, https:\/\/bymarcelaponce.cl\/wp-content\/uploads\/2025\/01\/Espejo-Mural-Retractil.jpg 1000w\" sizes=\"(max-width: 300px) 100vw, 300px\" \/><h2 class=\"woocommerce-loop-product__title\">Espejo Mural Retr\u00e1ctil<\/h2>\n\t<span class=\"price\"><del aria-hidden=\"true\"><span class=\"woocommerce-Price-amount amount\"><bdi><span class=\"woocommerce-Price-currencySymbol\">&#36;<\/span>105.990<\/bdi><\/span><\/del> <span class=\"screen-reader-text\">El precio original era: &#036;105.990.<\/span><ins aria-hidden=\"true\"><span class=\"woocommerce-Price-amount amount\"><bdi><span class=\"woocommerce-Price-currencySymbol\">&#36;<\/span>99.800<\/bdi><\/span><\/ins><span class=\"screen-reader-text\">El precio actual es: &#036;99.800.<\/span><\/span>\n<\/a><a href=\"\/index.php\/wp-json\/wp\/v2\/pages\/68?add-to-cart=1450\" aria-describedby=\"woocommerce_loop_add_to_cart_link_describedby_1450\" data-quantity=\"1\" class=\"button product_type_simple add_to_cart_button ajax_add_to_cart\" data-product_id=\"1450\" data-product_sku=\"\" aria-label=\"Agregar al carrito: &ldquo;Espejo Mural Retr\u00e1ctil&rdquo;\" rel=\"nofollow\" data-success_message=\"&ldquo;Espejo Mural Retr\u00e1ctil&rdquo; se ha a\u00f1adido a tu carro\" role=\"button\">Agregar al carrito<\/a>\t<span id=\"woocommerce_loop_add_to_cart_link_describedby_1450\" class=\"screen-reader-text\">\n\t\t\t<\/span>\n<\/li>\n<\/ul>\n<\/div><\/div>\n\t\t\t\t\t\t<\/div>\n\t\t\t\t<\/div>\n\t\t\t\t\t<\/div>\n\t\t<\/div>\n\t\t\t\t\t<\/div>\n\t\t<\/section>\n\t\t\t\t<\/div>\n\t\t","protected":false},"excerpt":{"rendered":"<p>Sale 30% Off<\/p>\n","protected":false},"author":1,"featured_media":0,"parent":0,"menu_order":0,"comment_status":"closed","ping_status":"closed","template":"template-parts\/template-page-builders.php","meta":{"footnotes":""},"class_list":["post-68","page","type-page","status-publish","hentry"],"yoast_head":"<!-- This site is optimized with the Yoast SEO plugin v27.2 - https:\/\/yoast.com\/product\/yoast-seo-wordpress\/ -->\n<title>Sale - by Marcela Ponce<\/title>\n<meta name=\"robots\" content=\"index, follow, max-snippet:-1, max-image-preview:large, max-video-preview:-1\" \/>\n<link rel=\"canonical\" href=\"https:\/\/bymarcelaponce.cl\/index.php\/sale\/\" \/>\n<meta property=\"og:locale\" content=\"es_ES\" \/>\n<meta property=\"og:type\" content=\"article\" \/>\n<meta property=\"og:title\" content=\"Sale - by Marcela Ponce\" \/>\n<meta property=\"og:description\" content=\"Sale 30% Off\" \/>\n<meta property=\"og:url\" content=\"https:\/\/bymarcelaponce.cl\/index.php\/sale\/\" \/>\n<meta property=\"og:site_name\" content=\"by Marcela Ponce\" \/>\n<meta property=\"article:modified_time\" content=\"2021-06-22T23:12:33+00:00\" \/>\n<meta name=\"twitter:card\" content=\"summary_large_image\" \/>\n<script type=\"application\/ld+json\" class=\"yoast-schema-graph\">{\"@context\":\"https:\/\/schema.org\",\"@graph\":[{\"@type\":\"WebPage\",\"@id\":\"https:\/\/bymarcelaponce.cl\/index.php\/sale\/\",\"url\":\"https:\/\/bymarcelaponce.cl\/index.php\/sale\/\",\"name\":\"Sale - by Marcela Ponce\",\"isPartOf\":{\"@id\":\"https:\/\/bymarcelaponce.cl\/#website\"},\"datePublished\":\"2019-04-18T11:20:25+00:00\",\"dateModified\":\"2021-06-22T23:12:33+00:00\",\"breadcrumb\":{\"@id\":\"https:\/\/bymarcelaponce.cl\/index.php\/sale\/#breadcrumb\"},\"inLanguage\":\"es-CL\",\"potentialAction\":[{\"@type\":\"ReadAction\",\"target\":[\"https:\/\/bymarcelaponce.cl\/index.php\/sale\/\"]}]},{\"@type\":\"BreadcrumbList\",\"@id\":\"https:\/\/bymarcelaponce.cl\/index.php\/sale\/#breadcrumb\",\"itemListElement\":[{\"@type\":\"ListItem\",\"position\":1,\"name\":\"Portada\",\"item\":\"https:\/\/bymarcelaponce.cl\/\"},{\"@type\":\"ListItem\",\"position\":2,\"name\":\"Sale\"}]},{\"@type\":\"WebSite\",\"@id\":\"https:\/\/bymarcelaponce.cl\/#website\",\"url\":\"https:\/\/bymarcelaponce.cl\/\",\"name\":\"by Marcela Ponce\",\"description\":\"Tienda de Productos\",\"publisher\":{\"@id\":\"https:\/\/bymarcelaponce.cl\/#organization\"},\"potentialAction\":[{\"@type\":\"SearchAction\",\"target\":{\"@type\":\"EntryPoint\",\"urlTemplate\":\"https:\/\/bymarcelaponce.cl\/?s={search_term_string}\"},\"query-input\":{\"@type\":\"PropertyValueSpecification\",\"valueRequired\":true,\"valueName\":\"search_term_string\"}}],\"inLanguage\":\"es-CL\"},{\"@type\":\"Organization\",\"@id\":\"https:\/\/bymarcelaponce.cl\/#organization\",\"name\":\"by Marcela Ponce\",\"url\":\"https:\/\/bymarcelaponce.cl\/\",\"logo\":{\"@type\":\"ImageObject\",\"inLanguage\":\"es-CL\",\"@id\":\"https:\/\/bymarcelaponce.cl\/#\/schema\/logo\/image\/\",\"url\":\"https:\/\/bymarcelaponce.cl\/wp-content\/uploads\/2021\/04\/cropped-icono.png\",\"contentUrl\":\"https:\/\/bymarcelaponce.cl\/wp-content\/uploads\/2021\/04\/cropped-icono.png\",\"width\":100,\"height\":100,\"caption\":\"by Marcela Ponce\"},\"image\":{\"@id\":\"https:\/\/bymarcelaponce.cl\/#\/schema\/logo\/image\/\"}}]}<\/script>\n<!-- \/ Yoast SEO plugin. -->","yoast_head_json":{"title":"Sale - by Marcela Ponce","robots":{"index":"index","follow":"follow","max-snippet":"max-snippet:-1","max-image-preview":"max-image-preview:large","max-video-preview":"max-video-preview:-1"},"canonical":"https:\/\/bymarcelaponce.cl\/index.php\/sale\/","og_locale":"es_ES","og_type":"article","og_title":"Sale - by Marcela Ponce","og_description":"Sale 30% Off","og_url":"https:\/\/bymarcelaponce.cl\/index.php\/sale\/","og_site_name":"by Marcela Ponce","article_modified_time":"2021-06-22T23:12:33+00:00","twitter_card":"summary_large_image","schema":{"@context":"https:\/\/schema.org","@graph":[{"@type":"WebPage","@id":"https:\/\/bymarcelaponce.cl\/index.php\/sale\/","url":"https:\/\/bymarcelaponce.cl\/index.php\/sale\/","name":"Sale - by Marcela Ponce","isPartOf":{"@id":"https:\/\/bymarcelaponce.cl\/#website"},"datePublished":"2019-04-18T11:20:25+00:00","dateModified":"2021-06-22T23:12:33+00:00","breadcrumb":{"@id":"https:\/\/bymarcelaponce.cl\/index.php\/sale\/#breadcrumb"},"inLanguage":"es-CL","potentialAction":[{"@type":"ReadAction","target":["https:\/\/bymarcelaponce.cl\/index.php\/sale\/"]}]},{"@type":"BreadcrumbList","@id":"https:\/\/bymarcelaponce.cl\/index.php\/sale\/#breadcrumb","itemListElement":[{"@type":"ListItem","position":1,"name":"Portada","item":"https:\/\/bymarcelaponce.cl\/"},{"@type":"ListItem","position":2,"name":"Sale"}]},{"@type":"WebSite","@id":"https:\/\/bymarcelaponce.cl\/#website","url":"https:\/\/bymarcelaponce.cl\/","name":"by Marcela Ponce","description":"Tienda de Productos","publisher":{"@id":"https:\/\/bymarcelaponce.cl\/#organization"},"potentialAction":[{"@type":"SearchAction","target":{"@type":"EntryPoint","urlTemplate":"https:\/\/bymarcelaponce.cl\/?s={search_term_string}"},"query-input":{"@type":"PropertyValueSpecification","valueRequired":true,"valueName":"search_term_string"}}],"inLanguage":"es-CL"},{"@type":"Organization","@id":"https:\/\/bymarcelaponce.cl\/#organization","name":"by Marcela Ponce","url":"https:\/\/bymarcelaponce.cl\/","logo":{"@type":"ImageObject","inLanguage":"es-CL","@id":"https:\/\/bymarcelaponce.cl\/#\/schema\/logo\/image\/","url":"https:\/\/bymarcelaponce.cl\/wp-content\/uploads\/2021\/04\/cropped-icono.png","contentUrl":"https:\/\/bymarcelaponce.cl\/wp-content\/uploads\/2021\/04\/cropped-icono.png","width":100,"height":100,"caption":"by Marcela Ponce"},"image":{"@id":"https:\/\/bymarcelaponce.cl\/#\/schema\/logo\/image\/"}}]}},"_links":{"self":[{"href":"https:\/\/bymarcelaponce.cl\/index.php\/wp-json\/wp\/v2\/pages\/68","targetHints":{"allow":["GET"]}}],"collection":[{"href":"https:\/\/bymarcelaponce.cl\/index.php\/wp-json\/wp\/v2\/pages"}],"about":[{"href":"https:\/\/bymarcelaponce.cl\/index.php\/wp-json\/wp\/v2\/types\/page"}],"author":[{"embeddable":true,"href":"https:\/\/bymarcelaponce.cl\/index.php\/wp-json\/wp\/v2\/users\/1"}],"replies":[{"embeddable":true,"href":"https:\/\/bymarcelaponce.cl\/index.php\/wp-json\/wp\/v2\/comments?post=68"}],"version-history":[{"count":3,"href":"https:\/\/bymarcelaponce.cl\/index.php\/wp-json\/wp\/v2\/pages\/68\/revisions"}],"predecessor-version":[{"id":523,"href":"https:\/\/bymarcelaponce.cl\/index.php\/wp-json\/wp\/v2\/pages\/68\/revisions\/523"}],"wp:attachment":[{"href":"https:\/\/bymarcelaponce.cl\/index.php\/wp-json\/wp\/v2\/media?parent=68"}],"curies":[{"name":"wp","href":"https:\/\/api.w.org\/{rel}","templated":true}]}}